{"id":1957,"date":"2024-11-30T10:29:11","date_gmt":"2024-11-30T09:29:11","guid":{"rendered":"http:\/\/elodiepaumier-coachdevie-image.com\/?page_id=1957"},"modified":"2026-01-21T14:20:29","modified_gmt":"2026-01-21T13:20:29","slug":"prise-de-rendez-vous","status":"publish","type":"page","link":"https:\/\/elodiepaumier-coachdevie-image.com\/index.php\/prise-de-rendez-vous\/","title":{"rendered":"Prise de rendez-vous"},"content":{"rendered":"\n\n\n\n","protected":false},"excerpt":{"rendered":"","protected":false},"author":1,"featured_media":0,"parent":0,"menu_order":0,"comment_status":"closed","ping_status":"closed","template":"full-width","meta":{"saved_in_kubio":true,"footnotes":""},"class_list":["post-1957","page","type-page","status-publish","hentry"],"kubio_ai_page_context":{"short_desc":"","purpose":"general"},"yoast_head":"<!-- This site is optimized with the Yoast SEO plugin v27.4 - https:\/\/yoast.com\/product\/yoast-seo-wordpress\/ -->\n<title>Prise de rendez-vous - Elodie Paumier Coach de vie Redon<\/title>\n<meta name=\"description\" content=\"Prendre rendez-vous au cabinet \u00e0 Redon, \u00e0 domicile en Ille-et-Vilaine, Loire Atlantique et au Morbihan, en visioconf\u00e9rence ou par t\u00e9l\u00e9phone.\" \/>\n<meta name=\"robots\" content=\"index, follow, max-snippet:-1, max-image-preview:large, max-video-preview:-1\" \/>\n<link rel=\"canonical\" href=\"https:\/\/elodiepaumier-coachdevie-image.com\/index.php\/prise-de-rendez-vous\/\" \/>\n<meta property=\"og:locale\" content=\"fr_FR\" \/>\n<meta property=\"og:type\" content=\"article\" \/>\n<meta property=\"og:title\" content=\"Prise de rendez-vous - Elodie Paumier Coach de vie Redon\" \/>\n<meta property=\"og:description\" content=\"Prendre rendez-vous au cabinet \u00e0 Redon, \u00e0 domicile en Ille-et-Vilaine, Loire Atlantique et au Morbihan, en visioconf\u00e9rence ou par t\u00e9l\u00e9phone.\" \/>\n<meta property=\"og:url\" content=\"https:\/\/elodiepaumier-coachdevie-image.com\/index.php\/prise-de-rendez-vous\/\" \/>\n<meta property=\"og:site_name\" content=\"Elodie Paumier Coach de vie Redon\" \/>\n<meta property=\"article:modified_time\" content=\"2026-01-21T13:20:29+00:00\" \/>\n<meta name=\"twitter:card\" content=\"summary_large_image\" \/>\n<script type=\"application\/ld+json\" class=\"yoast-schema-graph\">{\"@context\":\"https:\\\/\\\/schema.org\",\"@graph\":[{\"@type\":\"WebPage\",\"@id\":\"https:\\\/\\\/elodiepaumier-coachdevie-image.com\\\/index.php\\\/prise-de-rendez-vous\\\/\",\"url\":\"https:\\\/\\\/elodiepaumier-coachdevie-image.com\\\/index.php\\\/prise-de-rendez-vous\\\/\",\"name\":\"Prise de rendez-vous - Elodie Paumier Coach de vie Redon\",\"isPartOf\":{\"@id\":\"https:\\\/\\\/elodiepaumier-coachdevie-image.com\\\/#website\"},\"datePublished\":\"2024-11-30T09:29:11+00:00\",\"dateModified\":\"2026-01-21T13:20:29+00:00\",\"description\":\"Prendre rendez-vous au cabinet \u00e0 Redon, \u00e0 domicile en Ille-et-Vilaine, Loire Atlantique et au Morbihan, en visioconf\u00e9rence ou par t\u00e9l\u00e9phone.\",\"breadcrumb\":{\"@id\":\"https:\\\/\\\/elodiepaumier-coachdevie-image.com\\\/index.php\\\/prise-de-rendez-vous\\\/#breadcrumb\"},\"inLanguage\":\"fr-FR\",\"potentialAction\":[{\"@type\":\"ReadAction\",\"target\":[\"https:\\\/\\\/elodiepaumier-coachdevie-image.com\\\/index.php\\\/prise-de-rendez-vous\\\/\"]}]},{\"@type\":\"BreadcrumbList\",\"@id\":\"https:\\\/\\\/elodiepaumier-coachdevie-image.com\\\/index.php\\\/prise-de-rendez-vous\\\/#breadcrumb\",\"itemListElement\":[{\"@type\":\"ListItem\",\"position\":1,\"name\":\"Accueil\",\"item\":\"https:\\\/\\\/elodiepaumier-coachdevie-image.com\\\/\"},{\"@type\":\"ListItem\",\"position\":2,\"name\":\"Prise de rendez-vous\"}]},{\"@type\":\"WebSite\",\"@id\":\"https:\\\/\\\/elodiepaumier-coachdevie-image.com\\\/#website\",\"url\":\"https:\\\/\\\/elodiepaumier-coachdevie-image.com\\\/\",\"name\":\"Elodie Paumier Coach de vie Redon\",\"description\":\"un site sur le coaching de vie, la parentalit\u00e9 et le conseil en image\",\"publisher\":{\"@id\":\"https:\\\/\\\/elodiepaumier-coachdevie-image.com\\\/#organization\"},\"potentialAction\":[{\"@type\":\"SearchAction\",\"target\":{\"@type\":\"EntryPoint\",\"urlTemplate\":\"https:\\\/\\\/elodiepaumier-coachdevie-image.com\\\/?s={search_term_string}\"},\"query-input\":{\"@type\":\"PropertyValueSpecification\",\"valueRequired\":true,\"valueName\":\"search_term_string\"}}],\"inLanguage\":\"fr-FR\"},{\"@type\":\"Organization\",\"@id\":\"https:\\\/\\\/elodiepaumier-coachdevie-image.com\\\/#organization\",\"name\":\"Elodie Paumier Coach de vie Redon\",\"url\":\"https:\\\/\\\/elodiepaumier-coachdevie-image.com\\\/\",\"logo\":{\"@type\":\"ImageObject\",\"inLanguage\":\"fr-FR\",\"@id\":\"https:\\\/\\\/elodiepaumier-coachdevie-image.com\\\/#\\\/schema\\\/logo\\\/image\\\/\",\"url\":\"https:\\\/\\\/elodiepaumier-coachdevie-image.com\\\/wp-content\\\/uploads\\\/2024\\\/11\\\/Logo-Elodie-Coach.png\",\"contentUrl\":\"https:\\\/\\\/elodiepaumier-coachdevie-image.com\\\/wp-content\\\/uploads\\\/2024\\\/11\\\/Logo-Elodie-Coach.png\",\"width\":500,\"height\":500,\"caption\":\"Elodie Paumier Coach de vie Redon\"},\"image\":{\"@id\":\"https:\\\/\\\/elodiepaumier-coachdevie-image.com\\\/#\\\/schema\\\/logo\\\/image\\\/\"}}]}<\/script>\n<!-- \/ Yoast SEO plugin. -->","yoast_head_json":{"title":"Prise de rendez-vous - Elodie Paumier Coach de vie Redon","description":"Prendre rendez-vous au cabinet \u00e0 Redon, \u00e0 domicile en Ille-et-Vilaine, Loire Atlantique et au Morbihan, en visioconf\u00e9rence ou par t\u00e9l\u00e9phone.","robots":{"index":"index","follow":"follow","max-snippet":"max-snippet:-1","max-image-preview":"max-image-preview:large","max-video-preview":"max-video-preview:-1"},"canonical":"https:\/\/elodiepaumier-coachdevie-image.com\/index.php\/prise-de-rendez-vous\/","og_locale":"fr_FR","og_type":"article","og_title":"Prise de rendez-vous - Elodie Paumier Coach de vie Redon","og_description":"Prendre rendez-vous au cabinet \u00e0 Redon, \u00e0 domicile en Ille-et-Vilaine, Loire Atlantique et au Morbihan, en visioconf\u00e9rence ou par t\u00e9l\u00e9phone.","og_url":"https:\/\/elodiepaumier-coachdevie-image.com\/index.php\/prise-de-rendez-vous\/","og_site_name":"Elodie Paumier Coach de vie Redon","article_modified_time":"2026-01-21T13:20:29+00:00","twitter_card":"summary_large_image","schema":{"@context":"https:\/\/schema.org","@graph":[{"@type":"WebPage","@id":"https:\/\/elodiepaumier-coachdevie-image.com\/index.php\/prise-de-rendez-vous\/","url":"https:\/\/elodiepaumier-coachdevie-image.com\/index.php\/prise-de-rendez-vous\/","name":"Prise de rendez-vous - Elodie Paumier Coach de vie Redon","isPartOf":{"@id":"https:\/\/elodiepaumier-coachdevie-image.com\/#website"},"datePublished":"2024-11-30T09:29:11+00:00","dateModified":"2026-01-21T13:20:29+00:00","description":"Prendre rendez-vous au cabinet \u00e0 Redon, \u00e0 domicile en Ille-et-Vilaine, Loire Atlantique et au Morbihan, en visioconf\u00e9rence ou par t\u00e9l\u00e9phone.","breadcrumb":{"@id":"https:\/\/elodiepaumier-coachdevie-image.com\/index.php\/prise-de-rendez-vous\/#breadcrumb"},"inLanguage":"fr-FR","potentialAction":[{"@type":"ReadAction","target":["https:\/\/elodiepaumier-coachdevie-image.com\/index.php\/prise-de-rendez-vous\/"]}]},{"@type":"BreadcrumbList","@id":"https:\/\/elodiepaumier-coachdevie-image.com\/index.php\/prise-de-rendez-vous\/#breadcrumb","itemListElement":[{"@type":"ListItem","position":1,"name":"Accueil","item":"https:\/\/elodiepaumier-coachdevie-image.com\/"},{"@type":"ListItem","position":2,"name":"Prise de rendez-vous"}]},{"@type":"WebSite","@id":"https:\/\/elodiepaumier-coachdevie-image.com\/#website","url":"https:\/\/elodiepaumier-coachdevie-image.com\/","name":"Elodie Paumier Coach de vie Redon","description":"un site sur le coaching de vie, la parentalit\u00e9 et le conseil en image","publisher":{"@id":"https:\/\/elodiepaumier-coachdevie-image.com\/#organization"},"potentialAction":[{"@type":"SearchAction","target":{"@type":"EntryPoint","urlTemplate":"https:\/\/elodiepaumier-coachdevie-image.com\/?s={search_term_string}"},"query-input":{"@type":"PropertyValueSpecification","valueRequired":true,"valueName":"search_term_string"}}],"inLanguage":"fr-FR"},{"@type":"Organization","@id":"https:\/\/elodiepaumier-coachdevie-image.com\/#organization","name":"Elodie Paumier Coach de vie Redon","url":"https:\/\/elodiepaumier-coachdevie-image.com\/","logo":{"@type":"ImageObject","inLanguage":"fr-FR","@id":"https:\/\/elodiepaumier-coachdevie-image.com\/#\/schema\/logo\/image\/","url":"https:\/\/elodiepaumier-coachdevie-image.com\/wp-content\/uploads\/2024\/11\/Logo-Elodie-Coach.png","contentUrl":"https:\/\/elodiepaumier-coachdevie-image.com\/wp-content\/uploads\/2024\/11\/Logo-Elodie-Coach.png","width":500,"height":500,"caption":"Elodie Paumier Coach de vie Redon"},"image":{"@id":"https:\/\/elodiepaumier-coachdevie-image.com\/#\/schema\/logo\/image\/"}}]}},"_links":{"self":[{"href":"https:\/\/elodiepaumier-coachdevie-image.com\/index.php\/wp-json\/wp\/v2\/pages\/1957","targetHints":{"allow":["GET"]}}],"collection":[{"href":"https:\/\/elodiepaumier-coachdevie-image.com\/index.php\/wp-json\/wp\/v2\/pages"}],"about":[{"href":"https:\/\/elodiepaumier-coachdevie-image.com\/index.php\/wp-json\/wp\/v2\/types\/page"}],"author":[{"embeddable":true,"href":"https:\/\/elodiepaumier-coachdevie-image.com\/index.php\/wp-json\/wp\/v2\/users\/1"}],"replies":[{"embeddable":true,"href":"https:\/\/elodiepaumier-coachdevie-image.com\/index.php\/wp-json\/wp\/v2\/comments?post=1957"}],"version-history":[{"count":42,"href":"https:\/\/elodiepaumier-coachdevie-image.com\/index.php\/wp-json\/wp\/v2\/pages\/1957\/revisions"}],"predecessor-version":[{"id":3042,"href":"https:\/\/elodiepaumier-coachdevie-image.com\/index.php\/wp-json\/wp\/v2\/pages\/1957\/revisions\/3042"}],"wp:attachment":[{"href":"https:\/\/elodiepaumier-coachdevie-image.com\/index.php\/wp-json\/wp\/v2\/media?parent=1957"}],"curies":[{"name":"wp","href":"https:\/\/api.w.org\/{rel}","templated":true}]}}