{"id":29,"date":"2024-01-08T15:03:13","date_gmt":"2024-01-08T14:03:13","guid":{"rendered":"http:\/\/elodiepaumier-coachdevie-image.com\/?page_id=29"},"modified":"2024-12-24T10:31:42","modified_gmt":"2024-12-24T09:31:42","slug":"tarifs","status":"publish","type":"page","link":"https:\/\/elodiepaumier-coachdevie-image.com\/index.php\/tarifs\/","title":{"rendered":"Tarifs"},"content":{"rendered":"<div class=\"forminator-ui forminator-custom-form forminator-custom-form-412 forminator-design--flat  forminator_ajax\" data-forminator-render=\"0\" data-form=\"forminator-module-412\" data-uid=\"69e2e3f6099a4\"><br\/><\/div><form\n\t\t\t\tid=\"forminator-module-412\"\n\t\t\t\tclass=\"forminator-ui forminator-custom-form forminator-custom-form-412 forminator-design--flat  forminator_ajax\"\n\t\t\t\tmethod=\"post\"\n\t\t\t\tdata-forminator-render=\"0\"\n\t\t\t\tdata-form-id=\"412\"\n\t\t\t\t data-color-option=\"default\" data-design=\"flat\" data-grid=\"open\" style=\"display: none;\"\n\t\t\t\tdata-uid=\"69e2e3f6099a4\"\n\t\t\t><div role=\"alert\" aria-live=\"polite\" class=\"forminator-response-message forminator-error\" aria-hidden=\"true\"><\/div><div class=\"forminator-row\"><div id=\"name-1\" class=\"forminator-field-name forminator-col forminator-col-6 \"><div class=\"forminator-field\"><label for=\"forminator-field-name-1_69e2e3f6099a4\" id=\"forminator-field-name-1_69e2e3f6099a4-label\" class=\"forminator-label\">Pr\u00e9nom <span class=\"forminator-required\">*<\/span><\/label><input type=\"text\" name=\"name-1\" value=\"\" placeholder=\"Par exemple : Jean\" id=\"forminator-field-name-1_69e2e3f6099a4\" class=\"forminator-input forminator-name--field\" aria-required=\"true\" autocomplete=\"name\" \/><\/div><\/div><div id=\"name-2\" class=\"forminator-field-name forminator-col forminator-col-6 \"><div class=\"forminator-field\"><label for=\"forminator-field-name-2_69e2e3f6099a4\" id=\"forminator-field-name-2_69e2e3f6099a4-label\" class=\"forminator-label\">Nom <span class=\"forminator-required\">*<\/span><\/label><input type=\"text\" name=\"name-2\" value=\"\" placeholder=\"Par exemple : Martin\" id=\"forminator-field-name-2_69e2e3f6099a4\" class=\"forminator-input forminator-name--field\" aria-required=\"true\" autocomplete=\"name\" \/><\/div><\/div><\/div><div class=\"forminator-row\"><div id=\"email-1\" class=\"forminator-field-email forminator-col forminator-col-6 \"><div class=\"forminator-field\"><label for=\"forminator-field-email-1_69e2e3f6099a4\" id=\"forminator-field-email-1_69e2e3f6099a4-label\" class=\"forminator-label\">Adresse de messagerie (e-mail) <span class=\"forminator-required\">*<\/span><\/label><input type=\"email\" name=\"email-1\" value=\"\" placeholder=\"Par exemple : Jean@martin.com\" id=\"forminator-field-email-1_69e2e3f6099a4\" class=\"forminator-input forminator-email--field\" data-required=\"true\" aria-required=\"true\" autocomplete=\"email\" \/><\/div><\/div><div id=\"phone-1\" class=\"forminator-field-phone forminator-col forminator-col-6 \"><div class=\"forminator-field\"><label for=\"forminator-field-phone-1_69e2e3f6099a4\" id=\"forminator-field-phone-1_69e2e3f6099a4-label\" class=\"forminator-label\">Num\u00e9ro de t\u00e9l\u00e9phone <span class=\"forminator-required\">*<\/span><\/label><input type=\"text\" name=\"phone-1\" value=\"\" placeholder=\"Par exemple : 06 88 47 XX XX\" id=\"forminator-field-phone-1_69e2e3f6099a4\" class=\"forminator-input forminator-field--phone\" data-required=\"1\" aria-required=\"true\" autocomplete=\"off\" \/><\/div><\/div><\/div><div class=\"forminator-row\"><div id=\"textarea-1\" class=\"forminator-field-textarea forminator-col forminator-col-12 \"><div class=\"forminator-field\"><label for=\"forminator-field-textarea-1_69e2e3f6099a4\" id=\"forminator-field-textarea-1_69e2e3f6099a4-label\" class=\"forminator-label\">Votre message<\/label><textarea name=\"textarea-1\" placeholder=\"Saisissez votre message\u2026\" id=\"forminator-field-textarea-1_69e2e3f6099a4\" class=\"forminator-textarea\" rows=\"6\" style=\"min-height:140px;\" maxlength=\"180\" ><\/textarea><span id=\"forminator-field-textarea-1_69e2e3f6099a4-description\" class=\"forminator-description\"><span data-limit=\"180\" data-type=\"characters\" data-editor=\"\">0 \/ 180<\/span><\/span><\/div><\/div><\/div><input type=\"hidden\" name=\"referer_url\" value=\"\" \/><div class=\"forminator-row forminator-row-last\"><div class=\"forminator-col\"><div class=\"forminator-field\"><button class=\"forminator-button forminator-button-submit\">Envoyer le message<\/button><\/div><\/div><\/div><input type=\"hidden\" id=\"forminator_nonce\" name=\"forminator_nonce\" value=\"76728c8313\" \/><input type=\"hidden\" name=\"_wp_http_referer\" value=\"\/index.php\/wp-json\/wp\/v2\/pages\/29\" \/><input type=\"hidden\" name=\"form_id\" value=\"412\"><input type=\"hidden\" name=\"page_id\" value=\"29\"><input type=\"hidden\" name=\"form_type\" value=\"default\"><input type=\"hidden\" name=\"current_url\" value=\"https:\/\/elodiepaumier-coachdevie-image.com\/index.php\/tarifs\/\"><input type=\"hidden\" name=\"render_id\" value=\"0\"><input type=\"hidden\" name=\"action\" value=\"forminator_submit_form_custom-forms\"><\/form>\n","protected":false},"excerpt":{"rendered":"","protected":false},"author":1,"featured_media":0,"parent":0,"menu_order":0,"comment_status":"closed","ping_status":"closed","template":"","meta":{"saved_in_kubio":false,"footnotes":""},"class_list":["post-29","page","type-page","status-publish","hentry"],"kubio_ai_page_context":{"short_desc":"","purpose":"general"},"yoast_head":"<!-- This site is optimized with the Yoast SEO plugin v27.4 - https:\/\/yoast.com\/product\/yoast-seo-wordpress\/ -->\n<title>Tarifs - Elodie Paumier Coach de vie Redon<\/title>\n<meta name=\"description\" content=\"D\u00e9couvrez mes tarifs en : coaching de vie, parentalit\u00e9 et conseil en image. Pour des coaching en Ille-et-Vilaine, Loire-Atlantique et au Morbihan\" \/>\n<meta name=\"robots\" content=\"index, follow, max-snippet:-1, max-image-preview:large, max-video-preview:-1\" \/>\n<link rel=\"canonical\" href=\"https:\/\/elodiepaumier-coachdevie-image.com\/index.php\/tarifs\/\" \/>\n<meta property=\"og:locale\" content=\"fr_FR\" \/>\n<meta property=\"og:type\" content=\"article\" \/>\n<meta property=\"og:title\" content=\"Tarifs - Elodie Paumier Coach de vie Redon\" \/>\n<meta property=\"og:description\" content=\"D\u00e9couvrez mes tarifs en : coaching de vie, parentalit\u00e9 et conseil en image. Pour des coaching en Ille-et-Vilaine, Loire-Atlantique et au Morbihan\" \/>\n<meta property=\"og:url\" content=\"https:\/\/elodiepaumier-coachdevie-image.com\/index.php\/tarifs\/\" \/>\n<meta property=\"og:site_name\" content=\"Elodie Paumier Coach de vie Redon\" \/>\n<meta property=\"article:modified_time\" content=\"2024-12-24T09:31:42+00:00\" \/>\n<meta name=\"twitter:card\" content=\"summary_large_image\" \/>\n<script type=\"application\/ld+json\" class=\"yoast-schema-graph\">{\"@context\":\"https:\\\/\\\/schema.org\",\"@graph\":[{\"@type\":\"WebPage\",\"@id\":\"https:\\\/\\\/elodiepaumier-coachdevie-image.com\\\/index.php\\\/tarifs\\\/\",\"url\":\"https:\\\/\\\/elodiepaumier-coachdevie-image.com\\\/index.php\\\/tarifs\\\/\",\"name\":\"Tarifs - Elodie Paumier Coach de vie Redon\",\"isPartOf\":{\"@id\":\"https:\\\/\\\/elodiepaumier-coachdevie-image.com\\\/#website\"},\"datePublished\":\"2024-01-08T14:03:13+00:00\",\"dateModified\":\"2024-12-24T09:31:42+00:00\",\"description\":\"D\u00e9couvrez mes tarifs en : coaching de vie, parentalit\u00e9 et conseil en image. Pour des coaching en Ille-et-Vilaine, Loire-Atlantique et au Morbihan\",\"breadcrumb\":{\"@id\":\"https:\\\/\\\/elodiepaumier-coachdevie-image.com\\\/index.php\\\/tarifs\\\/#breadcrumb\"},\"inLanguage\":\"fr-FR\",\"potentialAction\":[{\"@type\":\"ReadAction\",\"target\":[\"https:\\\/\\\/elodiepaumier-coachdevie-image.com\\\/index.php\\\/tarifs\\\/\"]}]},{\"@type\":\"BreadcrumbList\",\"@id\":\"https:\\\/\\\/elodiepaumier-coachdevie-image.com\\\/index.php\\\/tarifs\\\/#breadcrumb\",\"itemListElement\":[{\"@type\":\"ListItem\",\"position\":1,\"name\":\"Accueil\",\"item\":\"https:\\\/\\\/elodiepaumier-coachdevie-image.com\\\/\"},{\"@type\":\"ListItem\",\"position\":2,\"name\":\"Tarifs\"}]},{\"@type\":\"WebSite\",\"@id\":\"https:\\\/\\\/elodiepaumier-coachdevie-image.com\\\/#website\",\"url\":\"https:\\\/\\\/elodiepaumier-coachdevie-image.com\\\/\",\"name\":\"Elodie Paumier Coach de vie Redon\",\"description\":\"un site sur le coaching de vie, la parentalit\u00e9 et le conseil en image\",\"publisher\":{\"@id\":\"https:\\\/\\\/elodiepaumier-coachdevie-image.com\\\/#organization\"},\"potentialAction\":[{\"@type\":\"SearchAction\",\"target\":{\"@type\":\"EntryPoint\",\"urlTemplate\":\"https:\\\/\\\/elodiepaumier-coachdevie-image.com\\\/?s={search_term_string}\"},\"query-input\":{\"@type\":\"PropertyValueSpecification\",\"valueRequired\":true,\"valueName\":\"search_term_string\"}}],\"inLanguage\":\"fr-FR\"},{\"@type\":\"Organization\",\"@id\":\"https:\\\/\\\/elodiepaumier-coachdevie-image.com\\\/#organization\",\"name\":\"Elodie Paumier Coach de vie Redon\",\"url\":\"https:\\\/\\\/elodiepaumier-coachdevie-image.com\\\/\",\"logo\":{\"@type\":\"ImageObject\",\"inLanguage\":\"fr-FR\",\"@id\":\"https:\\\/\\\/elodiepaumier-coachdevie-image.com\\\/#\\\/schema\\\/logo\\\/image\\\/\",\"url\":\"https:\\\/\\\/elodiepaumier-coachdevie-image.com\\\/wp-content\\\/uploads\\\/2024\\\/11\\\/Logo-Elodie-Coach.png\",\"contentUrl\":\"https:\\\/\\\/elodiepaumier-coachdevie-image.com\\\/wp-content\\\/uploads\\\/2024\\\/11\\\/Logo-Elodie-Coach.png\",\"width\":500,\"height\":500,\"caption\":\"Elodie Paumier Coach de vie Redon\"},\"image\":{\"@id\":\"https:\\\/\\\/elodiepaumier-coachdevie-image.com\\\/#\\\/schema\\\/logo\\\/image\\\/\"}}]}<\/script>\n<!-- \/ Yoast SEO plugin. -->","yoast_head_json":{"title":"Tarifs - Elodie Paumier Coach de vie Redon","description":"D\u00e9couvrez mes tarifs en : coaching de vie, parentalit\u00e9 et conseil en image. Pour des coaching en Ille-et-Vilaine, Loire-Atlantique et au Morbihan","robots":{"index":"index","follow":"follow","max-snippet":"max-snippet:-1","max-image-preview":"max-image-preview:large","max-video-preview":"max-video-preview:-1"},"canonical":"https:\/\/elodiepaumier-coachdevie-image.com\/index.php\/tarifs\/","og_locale":"fr_FR","og_type":"article","og_title":"Tarifs - Elodie Paumier Coach de vie Redon","og_description":"D\u00e9couvrez mes tarifs en : coaching de vie, parentalit\u00e9 et conseil en image. Pour des coaching en Ille-et-Vilaine, Loire-Atlantique et au Morbihan","og_url":"https:\/\/elodiepaumier-coachdevie-image.com\/index.php\/tarifs\/","og_site_name":"Elodie Paumier Coach de vie Redon","article_modified_time":"2024-12-24T09:31:42+00:00","twitter_card":"summary_large_image","schema":{"@context":"https:\/\/schema.org","@graph":[{"@type":"WebPage","@id":"https:\/\/elodiepaumier-coachdevie-image.com\/index.php\/tarifs\/","url":"https:\/\/elodiepaumier-coachdevie-image.com\/index.php\/tarifs\/","name":"Tarifs - Elodie Paumier Coach de vie Redon","isPartOf":{"@id":"https:\/\/elodiepaumier-coachdevie-image.com\/#website"},"datePublished":"2024-01-08T14:03:13+00:00","dateModified":"2024-12-24T09:31:42+00:00","description":"D\u00e9couvrez mes tarifs en : coaching de vie, parentalit\u00e9 et conseil en image. Pour des coaching en Ille-et-Vilaine, Loire-Atlantique et au Morbihan","breadcrumb":{"@id":"https:\/\/elodiepaumier-coachdevie-image.com\/index.php\/tarifs\/#breadcrumb"},"inLanguage":"fr-FR","potentialAction":[{"@type":"ReadAction","target":["https:\/\/elodiepaumier-coachdevie-image.com\/index.php\/tarifs\/"]}]},{"@type":"BreadcrumbList","@id":"https:\/\/elodiepaumier-coachdevie-image.com\/index.php\/tarifs\/#breadcrumb","itemListElement":[{"@type":"ListItem","position":1,"name":"Accueil","item":"https:\/\/elodiepaumier-coachdevie-image.com\/"},{"@type":"ListItem","position":2,"name":"Tarifs"}]},{"@type":"WebSite","@id":"https:\/\/elodiepaumier-coachdevie-image.com\/#website","url":"https:\/\/elodiepaumier-coachdevie-image.com\/","name":"Elodie Paumier Coach de vie Redon","description":"un site sur le coaching de vie, la parentalit\u00e9 et le conseil en image","publisher":{"@id":"https:\/\/elodiepaumier-coachdevie-image.com\/#organization"},"potentialAction":[{"@type":"SearchAction","target":{"@type":"EntryPoint","urlTemplate":"https:\/\/elodiepaumier-coachdevie-image.com\/?s={search_term_string}"},"query-input":{"@type":"PropertyValueSpecification","valueRequired":true,"valueName":"search_term_string"}}],"inLanguage":"fr-FR"},{"@type":"Organization","@id":"https:\/\/elodiepaumier-coachdevie-image.com\/#organization","name":"Elodie Paumier Coach de vie Redon","url":"https:\/\/elodiepaumier-coachdevie-image.com\/","logo":{"@type":"ImageObject","inLanguage":"fr-FR","@id":"https:\/\/elodiepaumier-coachdevie-image.com\/#\/schema\/logo\/image\/","url":"https:\/\/elodiepaumier-coachdevie-image.com\/wp-content\/uploads\/2024\/11\/Logo-Elodie-Coach.png","contentUrl":"https:\/\/elodiepaumier-coachdevie-image.com\/wp-content\/uploads\/2024\/11\/Logo-Elodie-Coach.png","width":500,"height":500,"caption":"Elodie Paumier Coach de vie Redon"},"image":{"@id":"https:\/\/elodiepaumier-coachdevie-image.com\/#\/schema\/logo\/image\/"}}]}},"_links":{"self":[{"href":"https:\/\/elodiepaumier-coachdevie-image.com\/index.php\/wp-json\/wp\/v2\/pages\/29","targetHints":{"allow":["GET"]}}],"collection":[{"href":"https:\/\/elodiepaumier-coachdevie-image.com\/index.php\/wp-json\/wp\/v2\/pages"}],"about":[{"href":"https:\/\/elodiepaumier-coachdevie-image.com\/index.php\/wp-json\/wp\/v2\/types\/page"}],"author":[{"embeddable":true,"href":"https:\/\/elodiepaumier-coachdevie-image.com\/index.php\/wp-json\/wp\/v2\/users\/1"}],"replies":[{"embeddable":true,"href":"https:\/\/elodiepaumier-coachdevie-image.com\/index.php\/wp-json\/wp\/v2\/comments?post=29"}],"version-history":[{"count":34,"href":"https:\/\/elodiepaumier-coachdevie-image.com\/index.php\/wp-json\/wp\/v2\/pages\/29\/revisions"}],"predecessor-version":[{"id":1956,"href":"https:\/\/elodiepaumier-coachdevie-image.com\/index.php\/wp-json\/wp\/v2\/pages\/29\/revisions\/1956"}],"wp:attachment":[{"href":"https:\/\/elodiepaumier-coachdevie-image.com\/index.php\/wp-json\/wp\/v2\/media?parent=29"}],"curies":[{"name":"wp","href":"https:\/\/api.w.org\/{rel}","templated":true}]}}